{"id":6,"date":"2024-04-25T05:22:02","date_gmt":"2024-04-25T08:22:02","guid":{"rendered":"https:\/\/bragacavalcantiadv.com.br\/?page_id=6"},"modified":"2026-03-04T17:46:11","modified_gmt":"2026-03-04T20:46:11","slug":"pagina-inicial","status":"publish","type":"page","link":"https:\/\/bragacavalcantiadv.com.br\/","title":{"rendered":"P\u00e1gina Inicial"},"content":{"rendered":"\t\t<div data-elementor-type=\"wp-post\" data-elementor-id=\"6\" class=\"elementor elementor-6\" data-elementor-post-type=\"page\">\n\t\t\t\t<div class=\"elementor-element elementor-element-48e34ad e-flex e-con-boxed e-con e-parent\" data-id=\"48e34ad\" data-element_type=\"container\" data-e-type=\"container\" data-settings=\"{&quot;background_background&quot;:&quot;video&quot;,&quot;background_video_link&quot;:&quot;https:\\\/\\\/mrgdigital.com.br\\\/wp-content\\\/uploads\\\/2024\\\/04\\\/520249_Skyscrapers_Sky_Lower_1280x720.mp4&quot;,&quot;background_video_start&quot;:0,&quot;background_video_end&quot;:70,&quot;background_play_on_mobile&quot;:&quot;yes&quot;,&quot;background_privacy_mode&quot;:&quot;yes&quot;}\">\n\t\t\t\t\t<div class=\"e-con-inner\">\n\t\t<div class=\"elementor-background-video-container\">\n\t\t\t\t\t\t\t<video class=\"elementor-background-video-hosted\" role=\"presentation\" autoplay muted playsinline loop><\/video>\n\t\t\t\t\t<\/div><div class=\"elementor-element elementor-element-3e0b5834 e-con-full e-flex e-con e-child\" data-id=\"3e0b5834\" data-element_type=\"container\" data-e-type=\"container\">\n\t\t\t\t<div class=\"elementor-element elementor-element-88eb402 elementor-widget__width-initial elementor-widget elementor-widget-heading\" data-id=\"88eb402\" data-element_type=\"widget\" data-e-type=\"widget\" data-widget_type=\"heading.default\">\n\t\t\t\t<div class=\"elementor-widget-container\">\n\t\t\t\t\t<h2 class=\"elementor-heading-title elementor-size-default\">Escrit\u00f3rio de Advocacia com especialidade em<br>\nA\u00e9reo<br>\nPrevidenci\u00e1rio<br>\nCivil<\/h2>\t\t\t\t<\/div>\n\t\t\t\t<\/div>\n\t\t\t\t<div class=\"elementor-element elementor-element-74688328 elementor-align-center elementor-mobile-align-center elementor-widget elementor-widget-button\" data-id=\"74688328\" data-element_type=\"widget\" data-e-type=\"widget\" data-widget_type=\"button.default\">\n\t\t\t\t<div class=\"elementor-widget-container\">\n\t\t\t\t\t\t\t\t\t<div class=\"elementor-button-wrapper\">\n\t\t\t\t\t<a class=\"elementor-button elementor-button-link elementor-size-lg\" href=\"https:\/\/bragacavalcantiadv.com.br\/index.php\/contato\/\">\n\t\t\t\t\t\t<span class=\"elementor-button-content-wrapper\">\n\t\t\t\t\t\t\t\t\t<span class=\"elementor-button-text\">ENTRE EM CONTATO CONOSCO<\/span>\n\t\t\t\t\t<\/span>\n\t\t\t\t\t<\/a>\n\t\t\t\t<\/div>\n\t\t\t\t\t\t\t\t<\/div>\n\t\t\t\t<\/div>\n\t\t\t\t<\/div>\n\t\t\t\t\t<\/div>\n\t\t\t\t<\/div>\n\t\t<div class=\"elementor-element elementor-element-d7fd631 e-flex e-con-boxed e-con e-parent\" data-id=\"d7fd631\" data-element_type=\"container\" data-e-type=\"container\" id=\"atuacao\" data-settings=\"{&quot;background_background&quot;:&quot;classic&quot;}\">\n\t\t\t\t\t<div class=\"e-con-inner\">\n\t\t<div class=\"elementor-element elementor-element-738f12dc e-con-full e-flex e-con e-child\" data-id=\"738f12dc\" data-element_type=\"container\" data-e-type=\"container\">\n\t\t\t\t<div class=\"elementor-element elementor-element-68d58540 elementor-widget__width-initial elementor-widget elementor-widget-heading\" data-id=\"68d58540\" data-element_type=\"widget\" data-e-type=\"widget\" data-widget_type=\"heading.default\">\n\t\t\t\t<div class=\"elementor-widget-container\">\n\t\t\t\t\t<h2 class=\"elementor-heading-title elementor-size-default\">\u00c1reas de Atua\u00e7\u00e3o<\/h2>\t\t\t\t<\/div>\n\t\t\t\t<\/div>\n\t\t<div class=\"elementor-element elementor-element-731848ab e-flex e-con-boxed e-con e-child\" data-id=\"731848ab\" data-element_type=\"container\" data-e-type=\"container\">\n\t\t\t\t\t<div class=\"e-con-inner\">\n\t\t<div class=\"elementor-element elementor-element-37ff4947 e-con-full e-flex e-con e-child\" data-id=\"37ff4947\" data-element_type=\"container\" data-e-type=\"container\" data-settings=\"{&quot;background_background&quot;:&quot;classic&quot;}\">\n\t\t\t\t<div class=\"elementor-element elementor-element-5d8c59df elementor-position-top elementor-widget elementor-widget-image-box\" data-id=\"5d8c59df\" data-element_type=\"widget\" data-e-type=\"widget\" data-widget_type=\"image-box.default\">\n\t\t\t\t<div class=\"elementor-widget-container\">\n\t\t\t\t\t<div class=\"elementor-image-box-wrapper\"><figure class=\"elementor-image-box-img\"><img decoding=\"async\" src=\"https:\/\/bragacavalcantiadv.com.br\/wp-content\/uploads\/elementor\/thumbs\/100-rk11irdbcb5z8nifva11inoj8d2pz51ulvi92t10xk.jpg\" title=\"100\" alt=\"100\" loading=\"lazy\" \/><\/figure><div class=\"elementor-image-box-content\"><h3 class=\"elementor-image-box-title\">A\u00e9reo<\/h3><p class=\"elementor-image-box-description\">Bagagem extraviada, atrasos em voos, cancelamentos, overbooking e mais.<\/p><\/div><\/div>\t\t\t\t<\/div>\n\t\t\t\t<\/div>\n\t\t\t\t<div class=\"elementor-element elementor-element-13f8875c elementor-align-center elementor-widget elementor-widget-button\" data-id=\"13f8875c\" data-element_type=\"widget\" data-e-type=\"widget\" data-widget_type=\"button.default\">\n\t\t\t\t<div class=\"elementor-widget-container\">\n\t\t\t\t\t\t\t\t\t<div class=\"elementor-button-wrapper\">\n\t\t\t\t\t<a class=\"elementor-button elementor-button-link elementor-size-sm\" href=\"https:\/\/bragacavalcantiadv.com.br\/index.php\/direito-aereo\/\">\n\t\t\t\t\t\t<span class=\"elementor-button-content-wrapper\">\n\t\t\t\t\t\t<span class=\"elementor-button-icon\">\n\t\t\t\t<svg aria-hidden=\"true\" class=\"e-font-icon-svg e-fas-long-arrow-alt-right\" viewBox=\"0 0 448 512\" xmlns=\"http:\/\/www.w3.org\/2000\/svg\"><path d=\"M313.941 216H12c-6.627 0-12 5.373-12 12v56c0 6.627 5.373 12 12 12h301.941v46.059c0 21.382 25.851 32.09 40.971 16.971l86.059-86.059c9.373-9.373 9.373-24.569 0-33.941l-86.059-86.059c-15.119-15.119-40.971-4.411-40.971 16.971V216z\"><\/path><\/svg>\t\t\t<\/span>\n\t\t\t\t\t\t\t\t\t<span class=\"elementor-button-text\">Saiba mais<\/span>\n\t\t\t\t\t<\/span>\n\t\t\t\t\t<\/a>\n\t\t\t\t<\/div>\n\t\t\t\t\t\t\t\t<\/div>\n\t\t\t\t<\/div>\n\t\t\t\t<\/div>\n\t\t<div class=\"elementor-element elementor-element-61b8eed3 e-con-full e-flex e-con e-child\" data-id=\"61b8eed3\" data-element_type=\"container\" data-e-type=\"container\" data-settings=\"{&quot;background_background&quot;:&quot;classic&quot;}\">\n\t\t\t\t<div class=\"elementor-element elementor-element-44ac968c elementor-position-top elementor-widget elementor-widget-image-box\" data-id=\"44ac968c\" data-element_type=\"widget\" data-e-type=\"widget\" data-widget_type=\"image-box.default\">\n\t\t\t\t<div class=\"elementor-widget-container\">\n\t\t\t\t\t<div class=\"elementor-image-box-wrapper\"><figure class=\"elementor-image-box-img\"><img decoding=\"async\" src=\"https:\/\/bragacavalcantiadv.com.br\/wp-content\/uploads\/elementor\/thumbs\/2148538301-qtkt9e6vepuxht65zuzatb6pt8haist82mpuwnmsc8.jpg\" title=\"2148538301\" alt=\"2148538301\" loading=\"lazy\" \/><\/figure><div class=\"elementor-image-box-content\"><h3 class=\"elementor-image-box-title\">Civil\/Ambiental<\/h3><p class=\"elementor-image-box-description\">A\u00e7\u00f5es contra a Samarco, rompimento da barragem, dano \u00e1gua de menores e a\u00e7\u00f5es envolvendo Direito Ambiental<\/p><\/div><\/div>\t\t\t\t<\/div>\n\t\t\t\t<\/div>\n\t\t\t\t<div class=\"elementor-element elementor-element-3f1d3a90 elementor-align-center elementor-widget elementor-widget-button\" data-id=\"3f1d3a90\" data-element_type=\"widget\" data-e-type=\"widget\" data-widget_type=\"button.default\">\n\t\t\t\t<div class=\"elementor-widget-container\">\n\t\t\t\t\t\t\t\t\t<div class=\"elementor-button-wrapper\">\n\t\t\t\t\t<a class=\"elementor-button elementor-button-link elementor-size-sm\" href=\"https:\/\/bragacavalcantiadv.com.br\/index.php\/direito-de-saude\/\">\n\t\t\t\t\t\t<span class=\"elementor-button-content-wrapper\">\n\t\t\t\t\t\t<span class=\"elementor-button-icon\">\n\t\t\t\t<svg aria-hidden=\"true\" class=\"e-font-icon-svg e-fas-long-arrow-alt-right\" viewBox=\"0 0 448 512\" xmlns=\"http:\/\/www.w3.org\/2000\/svg\"><path d=\"M313.941 216H12c-6.627 0-12 5.373-12 12v56c0 6.627 5.373 12 12 12h301.941v46.059c0 21.382 25.851 32.09 40.971 16.971l86.059-86.059c9.373-9.373 9.373-24.569 0-33.941l-86.059-86.059c-15.119-15.119-40.971-4.411-40.971 16.971V216z\"><\/path><\/svg>\t\t\t<\/span>\n\t\t\t\t\t\t\t\t\t<span class=\"elementor-button-text\">Saiba mais<\/span>\n\t\t\t\t\t<\/span>\n\t\t\t\t\t<\/a>\n\t\t\t\t<\/div>\n\t\t\t\t\t\t\t\t<\/div>\n\t\t\t\t<\/div>\n\t\t\t\t<\/div>\n\t\t<div class=\"elementor-element elementor-element-2bf7e0c4 e-con-full e-flex e-con e-child\" data-id=\"2bf7e0c4\" data-element_type=\"container\" data-e-type=\"container\" data-settings=\"{&quot;background_background&quot;:&quot;classic&quot;}\">\n\t\t\t\t<div class=\"elementor-element elementor-element-5da01162 elementor-position-top elementor-widget elementor-widget-image-box\" data-id=\"5da01162\" data-element_type=\"widget\" data-e-type=\"widget\" data-widget_type=\"image-box.default\">\n\t\t\t\t<div class=\"elementor-widget-container\">\n\t\t\t\t\t<div class=\"elementor-image-box-wrapper\"><figure class=\"elementor-image-box-img\"><img decoding=\"async\" src=\"https:\/\/bragacavalcantiadv.com.br\/wp-content\/uploads\/elementor\/thumbs\/2148793804-qn7zn3pyxpe3jatormxbur3ytitzj2u0b65tlvmwag.jpg\" title=\"2148793804.jpg\" alt=\"2148793804.jpg\" loading=\"lazy\" \/><\/figure><div class=\"elementor-image-box-content\"><h3 class=\"elementor-image-box-title\">Previdenci\u00e1rio<\/h3><p class=\"elementor-image-box-description\">C\u00e1lculos, aposentadorias, benef\u00edcios, aux\u00edlios, LOAS, pens\u00f5es, sal\u00e1rio maternidade e revis\u00f5es. Assessoria empresarial para empresa e etc.<\/p><\/div><\/div>\t\t\t\t<\/div>\n\t\t\t\t<\/div>\n\t\t\t\t<div class=\"elementor-element elementor-element-2359aebd elementor-align-center elementor-widget elementor-widget-button\" data-id=\"2359aebd\" data-element_type=\"widget\" data-e-type=\"widget\" data-widget_type=\"button.default\">\n\t\t\t\t<div class=\"elementor-widget-container\">\n\t\t\t\t\t\t\t\t\t<div class=\"elementor-button-wrapper\">\n\t\t\t\t\t<a class=\"elementor-button elementor-button-link elementor-size-sm\" href=\"https:\/\/bragacavalcantiadv.com.br\/index.php\/direito-previdenciario\/\">\n\t\t\t\t\t\t<span class=\"elementor-button-content-wrapper\">\n\t\t\t\t\t\t<span class=\"elementor-button-icon\">\n\t\t\t\t<svg aria-hidden=\"true\" class=\"e-font-icon-svg e-fas-long-arrow-alt-right\" viewBox=\"0 0 448 512\" xmlns=\"http:\/\/www.w3.org\/2000\/svg\"><path d=\"M313.941 216H12c-6.627 0-12 5.373-12 12v56c0 6.627 5.373 12 12 12h301.941v46.059c0 21.382 25.851 32.09 40.971 16.971l86.059-86.059c9.373-9.373 9.373-24.569 0-33.941l-86.059-86.059c-15.119-15.119-40.971-4.411-40.971 16.971V216z\"><\/path><\/svg>\t\t\t<\/span>\n\t\t\t\t\t\t\t\t\t<span class=\"elementor-button-text\">Saiba mais<\/span>\n\t\t\t\t\t<\/span>\n\t\t\t\t\t<\/a>\n\t\t\t\t<\/div>\n\t\t\t\t\t\t\t\t<\/div>\n\t\t\t\t<\/div>\n\t\t\t\t<\/div>\n\t\t\t\t\t<\/div>\n\t\t\t\t<\/div>\n\t\t\t\t<div class=\"elementor-element elementor-element-8208859 elementor-align-center elementor-mobile-align-center elementor-widget elementor-widget-button\" data-id=\"8208859\" data-element_type=\"widget\" data-e-type=\"widget\" data-widget_type=\"button.default\">\n\t\t\t\t<div class=\"elementor-widget-container\">\n\t\t\t\t\t\t\t\t\t<div class=\"elementor-button-wrapper\">\n\t\t\t\t\t<a class=\"elementor-button elementor-button-link elementor-size-lg\" href=\"https:\/\/bragacavalcantiadv.com.br\/index.php\/contato\/\">\n\t\t\t\t\t\t<span class=\"elementor-button-content-wrapper\">\n\t\t\t\t\t\t\t\t\t<span class=\"elementor-button-text\">ENTRE EM CONTATO CONOSCO<\/span>\n\t\t\t\t\t<\/span>\n\t\t\t\t\t<\/a>\n\t\t\t\t<\/div>\n\t\t\t\t\t\t\t\t<\/div>\n\t\t\t\t<\/div>\n\t\t\t\t<\/div>\n\t\t\t\t\t<\/div>\n\t\t\t\t<\/div>\n\t\t<div class=\"elementor-element elementor-element-69df201b e-flex e-con-boxed e-con e-parent\" data-id=\"69df201b\" data-element_type=\"container\" data-e-type=\"container\" id=\"blog\" data-settings=\"{&quot;background_background&quot;:&quot;classic&quot;,&quot;animation&quot;:&quot;none&quot;}\">\n\t\t\t\t\t<div class=\"e-con-inner\">\n\t\t<div class=\"elementor-element elementor-element-62e98361 e-flex e-con-boxed e-con e-child\" data-id=\"62e98361\" data-element_type=\"container\" data-e-type=\"container\">\n\t\t\t\t\t<div class=\"e-con-inner\">\n\t\t\t\t<div class=\"elementor-element elementor-element-597d08aa elementor-widget__width-inherit elementor-widget elementor-widget-heading\" data-id=\"597d08aa\" data-element_type=\"widget\" data-e-type=\"widget\" data-widget_type=\"heading.default\">\n\t\t\t\t<div class=\"elementor-widget-container\">\n\t\t\t\t\t<h3 class=\"elementor-heading-title elementor-size-default\">Publica\u00e7\u00f5es Recentes<\/h3>\t\t\t\t<\/div>\n\t\t\t\t<\/div>\n\t\t\t\t<div class=\"elementor-element elementor-element-61412903 animated-slow elementor-grid-3 elementor-grid-tablet-2 elementor-grid-mobile-1 elementor-posts--thumbnail-top elementor-card-shadow-yes elementor-posts__hover-gradient elementor-invisible elementor-widget elementor-widget-posts\" data-id=\"61412903\" data-element_type=\"widget\" data-e-type=\"widget\" data-settings=\"{&quot;_animation_mobile&quot;:&quot;fadeInLeft&quot;,&quot;_animation&quot;:&quot;fadeInUp&quot;,&quot;_animation_delay&quot;:200,&quot;cards_columns&quot;:&quot;3&quot;,&quot;cards_columns_tablet&quot;:&quot;2&quot;,&quot;cards_columns_mobile&quot;:&quot;1&quot;,&quot;cards_row_gap&quot;:{&quot;unit&quot;:&quot;px&quot;,&quot;size&quot;:35,&quot;sizes&quot;:[]},&quot;cards_row_gap_tablet&quot;:{&quot;unit&quot;:&quot;px&quot;,&quot;size&quot;:&quot;&quot;,&quot;sizes&quot;:[]},&quot;cards_row_gap_mobile&quot;:{&quot;unit&quot;:&quot;px&quot;,&quot;size&quot;:&quot;&quot;,&quot;sizes&quot;:[]}}\" data-widget_type=\"posts.cards\">\n\t\t\t\t<div class=\"elementor-widget-container\">\n\t\t\t\t\t\t\t<div class=\"elementor-posts-container elementor-posts elementor-posts--skin-cards elementor-grid\" role=\"list\">\n\t\t\t\t<article class=\"elementor-post elementor-grid-item post-373 post type-post status-publish format-standard has-post-thumbnail hentry category-direito-geral entry\" role=\"listitem\">\n\t\t\t<div class=\"elementor-post__card\">\n\t\t\t\t<a class=\"elementor-post__thumbnail__link\" href=\"https:\/\/bragacavalcantiadv.com.br\/index.php\/2024\/05\/16\/direitos-trabalhistas-o-que-todo-trabalhador-precisa-saber\/\" tabindex=\"-1\" ><div class=\"elementor-post__thumbnail\"><img fetchpriority=\"high\" decoding=\"async\" width=\"1500\" height=\"1500\" src=\"https:\/\/bragacavalcantiadv.com.br\/wp-content\/uploads\/2024\/05\/2151352598.jpg\" class=\"attachment-full size-full wp-image-822\" alt=\"\" srcset=\"https:\/\/bragacavalcantiadv.com.br\/wp-content\/uploads\/2024\/05\/2151352598.jpg 1500w, https:\/\/bragacavalcantiadv.com.br\/wp-content\/uploads\/2024\/05\/2151352598-300x300.jpg 300w, https:\/\/bragacavalcantiadv.com.br\/wp-content\/uploads\/2024\/05\/2151352598-1024x1024.jpg 1024w, https:\/\/bragacavalcantiadv.com.br\/wp-content\/uploads\/2024\/05\/2151352598-150x150.jpg 150w, https:\/\/bragacavalcantiadv.com.br\/wp-content\/uploads\/2024\/05\/2151352598-768x768.jpg 768w\" sizes=\"(max-width: 1500px) 100vw, 1500px\" style=\"width:100%;height:100%;max-width:1500px;\" \/><\/div><\/a>\n\t\t\t\t<div class=\"elementor-post__text\">\n\t\t\t\t<h3 class=\"elementor-post__title\">\n\t\t\t<a href=\"https:\/\/bragacavalcantiadv.com.br\/index.php\/2024\/05\/16\/direitos-trabalhistas-o-que-todo-trabalhador-precisa-saber\/\" >\n\t\t\t\tDireitos Trabalhistas: O Que Todo Trabalhador Precisa Saber\t\t\t<\/a>\n\t\t<\/h3>\n\t\t\t\t<div class=\"elementor-post__excerpt\">\n\t\t\t<p>No Brasil, a legisla\u00e7\u00e3o trabalhista oferece uma ampla gama de direitos que visam proteger os trabalhadores em diversas situa\u00e7\u00f5es. Conhecer esses direitos \u00e9 fundamental para<\/p>\n\t\t<\/div>\n\t\t\n\t\t<a class=\"elementor-post__read-more\" href=\"https:\/\/bragacavalcantiadv.com.br\/index.php\/2024\/05\/16\/direitos-trabalhistas-o-que-todo-trabalhador-precisa-saber\/\" aria-label=\"Read more about Direitos Trabalhistas: O Que Todo Trabalhador Precisa Saber\" tabindex=\"-1\" >\n\t\t\tLEIA MAIS \u00bb\t\t<\/a>\n\n\t\t\t\t<\/div>\n\t\t\t\t<div class=\"elementor-post__meta-data\">\n\t\t\t\t\t<span class=\"elementor-post-date\">\n\t\t\t16 de maio de 2024\t\t<\/span>\n\t\t\t\t<span class=\"elementor-post-avatar\">\n\t\t\tNenhum coment\u00e1rio\t\t<\/span>\n\t\t\t\t<\/div>\n\t\t\t\t\t<\/div>\n\t\t<\/article>\n\t\t\t\t<article class=\"elementor-post elementor-grid-item post-370 post type-post status-publish format-standard has-post-thumbnail hentry category-direito-geral entry\" role=\"listitem\">\n\t\t\t<div class=\"elementor-post__card\">\n\t\t\t\t<a class=\"elementor-post__thumbnail__link\" href=\"https:\/\/bragacavalcantiadv.com.br\/index.php\/2024\/05\/16\/planejamento-previdenciario-garantindo-um-futuro-seguro\/\" tabindex=\"-1\" ><div class=\"elementor-post__thumbnail\"><img decoding=\"async\" width=\"1500\" height=\"1500\" src=\"https:\/\/bragacavalcantiadv.com.br\/wp-content\/uploads\/2024\/05\/2147901226.jpg\" class=\"attachment-full size-full wp-image-821\" alt=\"\" srcset=\"https:\/\/bragacavalcantiadv.com.br\/wp-content\/uploads\/2024\/05\/2147901226.jpg 1500w, https:\/\/bragacavalcantiadv.com.br\/wp-content\/uploads\/2024\/05\/2147901226-300x300.jpg 300w, https:\/\/bragacavalcantiadv.com.br\/wp-content\/uploads\/2024\/05\/2147901226-1024x1024.jpg 1024w, https:\/\/bragacavalcantiadv.com.br\/wp-content\/uploads\/2024\/05\/2147901226-150x150.jpg 150w, https:\/\/bragacavalcantiadv.com.br\/wp-content\/uploads\/2024\/05\/2147901226-768x768.jpg 768w\" sizes=\"(max-width: 1500px) 100vw, 1500px\" style=\"width:100%;height:100%;max-width:1500px;\" \/><\/div><\/a>\n\t\t\t\t<div class=\"elementor-post__text\">\n\t\t\t\t<h3 class=\"elementor-post__title\">\n\t\t\t<a href=\"https:\/\/bragacavalcantiadv.com.br\/index.php\/2024\/05\/16\/planejamento-previdenciario-garantindo-um-futuro-seguro\/\" >\n\t\t\t\tPlanejamento Previdenci\u00e1rio: Garantindo um Futuro Seguro\t\t\t<\/a>\n\t\t<\/h3>\n\t\t\t\t<div class=\"elementor-post__excerpt\">\n\t\t\t<p>A aposentadoria \u00e9 um marco importante na vida de qualquer trabalhador, representando a transi\u00e7\u00e3o de uma fase ativa para um per\u00edodo de descanso e lazer.<\/p>\n\t\t<\/div>\n\t\t\n\t\t<a class=\"elementor-post__read-more\" href=\"https:\/\/bragacavalcantiadv.com.br\/index.php\/2024\/05\/16\/planejamento-previdenciario-garantindo-um-futuro-seguro\/\" aria-label=\"Read more about Planejamento Previdenci\u00e1rio: Garantindo um Futuro Seguro\" tabindex=\"-1\" >\n\t\t\tLEIA MAIS \u00bb\t\t<\/a>\n\n\t\t\t\t<\/div>\n\t\t\t\t<div class=\"elementor-post__meta-data\">\n\t\t\t\t\t<span class=\"elementor-post-date\">\n\t\t\t16 de maio de 2024\t\t<\/span>\n\t\t\t\t<span class=\"elementor-post-avatar\">\n\t\t\tNenhum coment\u00e1rio\t\t<\/span>\n\t\t\t\t<\/div>\n\t\t\t\t\t<\/div>\n\t\t<\/article>\n\t\t\t\t<article class=\"elementor-post elementor-grid-item post-1 post type-post status-publish format-standard has-post-thumbnail hentry category-empresarial entry\" role=\"listitem\">\n\t\t\t<div class=\"elementor-post__card\">\n\t\t\t\t<a class=\"elementor-post__thumbnail__link\" href=\"https:\/\/bragacavalcantiadv.com.br\/index.php\/2024\/04\/24\/direito-da-saude-protegendo-o-acesso-e-a-qualidade-dos-servicos-de-saude\/\" tabindex=\"-1\" ><div class=\"elementor-post__thumbnail\"><img decoding=\"async\" width=\"1500\" height=\"1500\" src=\"https:\/\/bragacavalcantiadv.com.br\/wp-content\/uploads\/2024\/04\/2150917010.jpg\" class=\"attachment-full size-full wp-image-375\" alt=\"\" srcset=\"https:\/\/bragacavalcantiadv.com.br\/wp-content\/uploads\/2024\/04\/2150917010.jpg 1500w, https:\/\/bragacavalcantiadv.com.br\/wp-content\/uploads\/2024\/04\/2150917010-300x300.jpg 300w, https:\/\/bragacavalcantiadv.com.br\/wp-content\/uploads\/2024\/04\/2150917010-1024x1024.jpg 1024w, https:\/\/bragacavalcantiadv.com.br\/wp-content\/uploads\/2024\/04\/2150917010-150x150.jpg 150w, https:\/\/bragacavalcantiadv.com.br\/wp-content\/uploads\/2024\/04\/2150917010-768x768.jpg 768w\" sizes=\"(max-width: 1500px) 100vw, 1500px\" style=\"width:100%;height:100%;max-width:1500px;\" \/><\/div><\/a>\n\t\t\t\t<div class=\"elementor-post__text\">\n\t\t\t\t<h3 class=\"elementor-post__title\">\n\t\t\t<a href=\"https:\/\/bragacavalcantiadv.com.br\/index.php\/2024\/04\/24\/direito-da-saude-protegendo-o-acesso-e-a-qualidade-dos-servicos-de-saude\/\" >\n\t\t\t\tDireito da Sa\u00fade: Protegendo o Acesso e a Qualidade dos Servi\u00e7os de Sa\u00fade\t\t\t<\/a>\n\t\t<\/h3>\n\t\t\t\t<div class=\"elementor-post__excerpt\">\n\t\t\t<p>O direito \u00e0 sa\u00fade \u00e9 um dos direitos fundamentais garantidos pela Constitui\u00e7\u00e3o Federal brasileira, assegurando que todos tenham acesso a servi\u00e7os de sa\u00fade de qualidade.<\/p>\n\t\t<\/div>\n\t\t\n\t\t<a class=\"elementor-post__read-more\" href=\"https:\/\/bragacavalcantiadv.com.br\/index.php\/2024\/04\/24\/direito-da-saude-protegendo-o-acesso-e-a-qualidade-dos-servicos-de-saude\/\" aria-label=\"Read more about Direito da Sa\u00fade: Protegendo o Acesso e a Qualidade dos Servi\u00e7os de Sa\u00fade\" tabindex=\"-1\" >\n\t\t\tLEIA MAIS \u00bb\t\t<\/a>\n\n\t\t\t\t<\/div>\n\t\t\t\t<div class=\"elementor-post__meta-data\">\n\t\t\t\t\t<span class=\"elementor-post-date\">\n\t\t\t24 de abril de 2024\t\t<\/span>\n\t\t\t\t<span class=\"elementor-post-avatar\">\n\t\t\t1 coment\u00e1rio\t\t<\/span>\n\t\t\t\t<\/div>\n\t\t\t\t\t<\/div>\n\t\t<\/article>\n\t\t\t\t<\/div>\n\t\t\n\t\t\t\t\t\t<\/div>\n\t\t\t\t<\/div>\n\t\t\t\t<div class=\"elementor-element elementor-element-e49fadd elementor-align-center elementor-mobile-align-center elementor-widget elementor-widget-button\" data-id=\"e49fadd\" data-element_type=\"widget\" data-e-type=\"widget\" data-widget_type=\"button.default\">\n\t\t\t\t<div class=\"elementor-widget-container\">\n\t\t\t\t\t\t\t\t\t<div class=\"elementor-button-wrapper\">\n\t\t\t\t\t<a class=\"elementor-button elementor-button-link elementor-size-lg\" href=\"https:\/\/bragacavalcantiadv.com.br\/index.php\/artigos-juridicos\/\">\n\t\t\t\t\t\t<span class=\"elementor-button-content-wrapper\">\n\t\t\t\t\t\t\t\t\t<span class=\"elementor-button-text\">MAIS PUBLICA\u00c7\u00d5ES<\/span>\n\t\t\t\t\t<\/span>\n\t\t\t\t\t<\/a>\n\t\t\t\t<\/div>\n\t\t\t\t\t\t\t\t<\/div>\n\t\t\t\t<\/div>\n\t\t\t\t\t<\/div>\n\t\t\t\t<\/div>\n\t\t\t\t\t<\/div>\n\t\t\t\t<\/div>\n\t\t\t\t<\/div>\n\t\t","protected":false},"excerpt":{"rendered":"<p>Escrit\u00f3rio de Advocacia com especialidade em A\u00e9reo Previdenci\u00e1rio Civil ENTRE EM CONTATO CONOSCO \u00c1reas de Atua\u00e7\u00e3o A\u00e9reo Bagagem extraviada, atrasos em voos, cancelamentos, overbooking e mais. Saiba mais Civil\/Ambiental A\u00e7\u00f5es contra a Samarco, rompimento da barragem, dano \u00e1gua de menores e a\u00e7\u00f5es envolvendo Direito Ambiental Saiba mais Previdenci\u00e1rio C\u00e1lculos, aposentadorias, benef\u00edcios, aux\u00edlios, LOAS, pens\u00f5es, sal\u00e1rio&hellip; <a class=\"more-link\" href=\"https:\/\/bragacavalcantiadv.com.br\/index.php\/2024\/04\/24\/direito-da-saude-protegendo-o-acesso-e-a-qualidade-dos-servicos-de-saude\/\">Continuar lendo <span class=\"screen-reader-text\">Direito da Sa\u00fade: Protegendo o Acesso e a Qualidade dos Servi\u00e7os de Sa\u00fade<\/span><\/a><\/p>\n","protected":false},"author":1,"featured_media":0,"parent":0,"menu_order":0,"comment_status":"closed","ping_status":"closed","template":"elementor_header_footer","meta":{"footnotes":""},"class_list":["post-6","page","type-page","status-publish","hentry","entry"],"_links":{"self":[{"href":"https:\/\/bragacavalcantiadv.com.br\/index.php\/wp-json\/wp\/v2\/pages\/6","targetHints":{"allow":["GET"]}}],"collection":[{"href":"https:\/\/bragacavalcantiadv.com.br\/index.php\/wp-json\/wp\/v2\/pages"}],"about":[{"href":"https:\/\/bragacavalcantiadv.com.br\/index.php\/wp-json\/wp\/v2\/types\/page"}],"author":[{"embeddable":true,"href":"https:\/\/bragacavalcantiadv.com.br\/index.php\/wp-json\/wp\/v2\/users\/1"}],"replies":[{"embeddable":true,"href":"https:\/\/bragacavalcantiadv.com.br\/index.php\/wp-json\/wp\/v2\/comments?post=6"}],"version-history":[{"count":206,"href":"https:\/\/bragacavalcantiadv.com.br\/index.php\/wp-json\/wp\/v2\/pages\/6\/revisions"}],"predecessor-version":[{"id":925,"href":"https:\/\/bragacavalcantiadv.com.br\/index.php\/wp-json\/wp\/v2\/pages\/6\/revisions\/925"}],"wp:attachment":[{"href":"https:\/\/bragacavalcantiadv.com.br\/index.php\/wp-json\/wp\/v2\/media?parent=6"}],"curies":[{"name":"wp","href":"https:\/\/api.w.org\/{rel}","templated":true}]}}